{"id":1031,"date":"2019-04-12T09:09:17","date_gmt":"2019-04-12T07:09:17","guid":{"rendered":"https:\/\/sp8pcf.pzk.pl\/?page_id=1031"},"modified":"2023-12-12T12:50:38","modified_gmt":"2023-12-12T11:50:38","slug":"stowarzyszenie","status":"publish","type":"page","link":"https:\/\/sp8pcf.pzk.pl\/?page_id=1031","title":{"rendered":"Stowarzyszenie"},"content":{"rendered":"<p><\/p>\r\n<p>Celem Stowarzyszenia jest rozw\u00f3j, popieranie i propagowanie radiowej s\u0142u\u017cby amatorskiej oraz pokrewnych dziedzin w\u015br\u00f3d m\u0142odzie\u017cy zwanych \u0142\u0105cznie kr\u00f3tkofalarstwem.<\/p>\r\n<p>\r\n\r\n<\/p>\r\n<p>Stowarzyszenie Klub Kr\u00f3tkofalowc\u00f3w SP8PCF realizuje swe cele poprzez:<\/p>\r\n<p>\r\n\r\n<\/p>\r\n<ul>\r\n<li>Zrzeszanie os\u00f3b fizycznych zainteresowanych kr\u00f3tkofalarstwem;<\/li>\r\n<li>Wsp\u00f3\u0142prac\u0119 z organizacjami i stowarzyszeniami maj\u0105cymi cele zbie\u017cne do cel\u00f3w Stowarzyszenia \u00a0oraz instytucjami i organizacjami te cele popieraj\u0105ce;<\/li>\r\n<li>Szerzenie przyja\u017ani i wzajemnego porozumienia w\u015br\u00f3d \u00a0kr\u00f3tkofalowc\u00f3w, niezale\u017cnie od narodowo\u015bci, ich pogl\u0105d\u00f3w politycznych, religijnych i statusu spo\u0142ecznego;<\/li>\r\n<li>Wsp\u00f3\u0142dzia\u0142anie z w\u0142a\u015bciwymi w\u0142adzami i instytucjami w zakresie przestrzegania Regulaminu Radiokomunikacyjnego;<\/li>\r\n<li>Wsp\u00f3\u0142prac\u0119 z instytucjami i organizacjami maj\u0105cymi na celu obronno\u015b\u0107 Pa\u0144stwa oraz niesienie pomocy w zwalczaniu kl\u0119sk \u017cywio\u0142owych poprzez organizowanie sieci \u0142\u0105czno\u015bci kryzysowej;<\/li>\r\n<li>Organizowanie samokszta\u0142cenia technicznego, szczeg\u00f3lnie w\u015br\u00f3d m\u0142odzie\u017cy, za pomoc\u0105 kurs\u00f3w, odczyt\u00f3w. wystaw i spotka\u0144 towarzyskich;<\/li>\r\n<li>Dzia\u0142alno\u015b\u0107 wydawnicz\u0105 w zakresie kr\u00f3tkofalarstwa i sport\u00f3w radioamatorskich;<\/li>\r\n<li>Gromadzenie \u015brodk\u00f3w materialnych i gospodarowanie nimi zgodnie z celami Stowarzyszenia.<\/li>\r\n<\/ul>\r\n<p>\r\n\r\n<\/p>\r\n<h3><strong>Dane adresowe Stowarzyszenia:<\/strong><\/h3>\r\n<p><strong>Stowarzyszenie Klub Kr\u00f3tkofalowc\u00f3w SP8PCF przy I Liceum Og\u00f3lnokszta\u0142c\u0105cym w \u0141a\u0144cucie\u00a0<\/strong><br \/><strong>ul. Mickiewicza 3, 37-100 \u0141a\u0144cut<br \/>NIP:<\/strong> 8151541235<br \/><strong>KRS:<\/strong> 0000003364<br \/><strong>Regon:<\/strong>\u00a0690657010<br \/><strong>Numer konta:<\/strong>\u00a0NestBank o\/Rzesz\u00f3w\u00a0<br \/><strong>87 2530 0008 2051 1064 4761 0001<\/strong><br \/><strong>adres e-mail:<\/strong> <a href=\"mailto:sp8pcf@gmail.com\">sp8pcf@gmail.com<\/a><\/p>\r\n<h3><strong>Zarz\u0105d Stowarzyszenia:<\/strong><\/h3>\r\n<p><strong>Prezes Stowarzyszenia<br \/>Andrzej \u2013 SP8BRQ<\/strong><br \/>e-mail: <a href=\"mailto:sp8brq@wp.pl\">sp8brq@wp.pl<\/a><br \/>tel.: +48 501 604 784<\/p>\r\n<p><strong>Wiceprezes Stowarzyszenia<br \/>Marek \u2013 SQ8JLA<\/strong><br \/>e-mail: <a href=\"mailto:sq8jla@o2.pl\">sq8jla@o2.pl<\/a><br \/>tel.: +48 504 276 639<\/p>\r\n<p><strong>Sekretarz &#8211; Skarbnik Stowarzyszenia<br \/>Bogdan \u2013 SP8BRE<\/strong><br \/>e-mail: <a href=\"mailto:bodzik6@wp.pl\">bodzik6@wp.pl<\/a><br \/>tel.: +48 600 541 842<\/p>\r\n<p><strong>Cz\u0142onek Zarz\u0105du Stowarzyszenia<br \/>Wac\u0142aw &#8211; SP8YB<\/strong><br \/>e-mail: <a href=\"mailto:sp8yb@gmail.com\">sp8yb@gmail.com<\/a><\/p>\r\n<p><strong>Cz\u0142onek Zarz\u0105du Stowarzyszenia<br \/>Krzysztof &#8211; SP8ATI<\/strong><br \/>e-mail: <a href=\"mailto:sp8ati@wp.pl\">sp8ati@wp.pl<\/a><\/p>\r\n<h3><strong>Komisja Rewizyjna Stowarzyszenia:<\/strong><\/h3>\r\n<p><strong>Przewodnicz\u0105cy Komisji Rewizyjnej Stowarzyszenia<br \/>Adam &#8211; SP8N<\/strong><br \/>e-mail: <a href=\"mailto:adamsp8n@gmail.com\" target=\"_blank\" rel=\"noopener\">adamsp8n@gmail.com<\/a><\/p>\r\n<p><strong>Sekretarz Komisji Rewizyjnej Stowarzyszenia<br \/>Krzysztof &#8211; SQ8ERS<\/strong><br \/>e-mail: <a href=\"mailto:sq8ers@wp.pl\">sq8ers@wp.pl<\/a><\/p>\r\n<p><strong>Cz\u0142onek Komisji Rewizyjnej Stowarzyszenia<br \/>Janusz &#8211; SP8RHQ<\/strong><br \/>e-mail: <a href=\"mailto:sp8rhq@x2.pl\">sp8rhq@x2.pl<\/a><\/p>\r\n<h3><strong>Dokumenty do pobrania:<\/strong><\/h3>\r\n<ul>\r\n<li><a href=\"https:\/\/sp8pcf.pzk.pl\/wp-content\/uploads\/2020\/12\/Deklaracja-czlonkowska-.pdf\" target=\"_blank\" rel=\"noopener\">Deklaracja cz\u0142onkowska<\/a><\/li>\r\n<li><a href=\"https:\/\/sp8pcf.pzk.pl\/wp-content\/uploads\/2020\/12\/Oswiadczenie-RODO-.pdf\" target=\"_blank\" rel=\"noopener\">O\u015bwiadczenie RODO<\/a><\/li>\r\n<\/ul>\r\n<p><\/p>","protected":false},"excerpt":{"rendered":"<p>Celem Stowarzyszenia jest rozw\u00f3j, popieranie i propagowanie radiowej s\u0142u\u017cby amatorskiej oraz pokrewnych dziedzin w\u015br\u00f3d m\u0142odzie\u017cy zwanych \u0142\u0105cznie kr\u00f3tkofalarstwem. Stowarzyszenie Klub Kr\u00f3tkofalowc\u00f3w SP8PCF realizuje swe cele poprzez: Zrzeszanie os\u00f3b fizycznych zainteresowanych kr\u00f3tkofalarstwem; Wsp\u00f3\u0142prac\u0119 z organizacjami i stowarzyszeniami maj\u0105cymi cele zbie\u017cne do cel\u00f3w Stowarzyszenia \u00a0oraz instytucjami i organizacjami te cele popieraj\u0105ce; Szerzenie przyja\u017ani i wzajemnego porozumienia w\u015br\u00f3d <a class=\"read-more\" href=\"https:\/\/sp8pcf.pzk.pl\/?page_id=1031\">Read More<\/a><\/p>\n","protected":false},"author":2,"featured_media":0,"parent":0,"menu_order":0,"comment_status":"closed","ping_status":"closed","template":"","meta":{"footnotes":"","_wp_rev_ctl_limit":""},"_links":{"self":[{"href":"https:\/\/sp8pcf.pzk.pl\/index.php?rest_route=\/wp\/v2\/pages\/1031"}],"collection":[{"href":"https:\/\/sp8pcf.pzk.pl\/index.php?rest_route=\/wp\/v2\/pages"}],"about":[{"href":"https:\/\/sp8pcf.pzk.pl\/index.php?rest_route=\/wp\/v2\/types\/page"}],"author":[{"embeddable":true,"href":"https:\/\/sp8pcf.pzk.pl\/index.php?rest_route=\/wp\/v2\/users\/2"}],"replies":[{"embeddable":true,"href":"https:\/\/sp8pcf.pzk.pl\/index.php?rest_route=%2Fwp%2Fv2%2Fcomments&post=1031"}],"version-history":[{"count":32,"href":"https:\/\/sp8pcf.pzk.pl\/index.php?rest_route=\/wp\/v2\/pages\/1031\/revisions"}],"predecessor-version":[{"id":2066,"href":"https:\/\/sp8pcf.pzk.pl\/index.php?rest_route=\/wp\/v2\/pages\/1031\/revisions\/2066"}],"wp:attachment":[{"href":"https:\/\/sp8pcf.pzk.pl\/index.php?rest_route=%2Fwp%2Fv2%2Fmedia&parent=1031"}],"curies":[{"name":"wp","href":"https:\/\/api.w.org\/{rel}","templated":true}]}}